{"id":249,"date":"2015-07-29T13:21:22","date_gmt":"2015-07-29T13:21:22","guid":{"rendered":"http:\/\/cfepila.com\/?page_id=249"},"modified":"2023-12-28T11:55:35","modified_gmt":"2023-12-28T11:55:35","slug":"estrucutura-organizativa-del-club","status":"publish","type":"page","link":"https:\/\/cfepila.com\/?page_id=249","title":{"rendered":"Estructura Organizativa"},"content":{"rendered":"<p><u><strong>DIRECTIVA<\/strong><\/u><\/p>\n<ul>\n<li><strong>Presidente<\/strong>: Jos\u00e9 Miguel Sanz.<\/li>\n<li><strong>Vicepresidente:&nbsp;<\/strong> Sim\u00f3n P\u00e9rez Ripa.<\/li>\n<li><strong>Administraci\u00f3n<\/strong>: Pilar Us\u00f3n Correas .<\/li>\n<\/ul>\n<p><u><strong>CUERPO T\u00c9CNICO PRIMER EQUIPO<\/strong><\/u><\/p>\n<ul>\n<li><strong>Primer T\u00e9cnico<\/strong>: Rub\u00e9n Zapater Arjol<\/li>\n<li><strong>Analista<\/strong>: Miguel Catal\u00e1n Va<\/li>\n<li><strong>Preparador f\u00edsico<\/strong>: Pablo Casabona<\/li>\n<li><strong>Preparador de portero<\/strong>s: Jes\u00fas Monterde<\/li>\n<li><strong>Delegado<\/strong>: Domingo Fern\u00e1ndez Alonso<\/li>\n<\/ul>\n<p><u><strong>CUERPO T\u00c9CNICO FILIAL<\/strong><\/u><\/p>\n<ul>\n<li><strong>T\u00e9cnico<\/strong>: Jos\u00e9 Ignacio G\u00f3mez Rodrigo<\/li>\n<li><strong>Delegado de campo: <\/strong>Asher L\u00f3pez Royo<\/li>\n<\/ul>\n","protected":false},"excerpt":{"rendered":"<p>DIRECTIVA Presidente: Jos\u00e9 Miguel Sanz. Vicepresidente:&nbsp; Sim\u00f3n P\u00e9rez Ripa. Administraci\u00f3n: Pilar Us\u00f3n Correas . CUERPO T\u00c9CNICO PRIMER EQUIPO Primer T\u00e9cnico: Rub\u00e9n Zapater Arjol Analista: Miguel Catal\u00e1n Va Preparador f\u00edsico: Pablo Casabona Preparador de porteros: Jes\u00fas Monterde Delegado: Domingo Fern\u00e1ndez Alonso CUERPO T\u00c9CNICO FILIAL T\u00e9cnico: Jos\u00e9 Ignacio G\u00f3mez Rodrigo Delegado de campo: Asher L\u00f3pez Royo<\/p>\n","protected":false},"author":1,"featured_media":0,"parent":0,"menu_order":0,"comment_status":"open","ping_status":"open","template":"template-fullwidth.php","meta":{"ngg_post_thumbnail":0,"jetpack_post_was_ever_published":false,"footnotes":""},"class_list":["post-249","page","type-page","status-publish","hentry"],"jetpack_sharing_enabled":true,"jetpack_shortlink":"https:\/\/wp.me\/Pa0Ojp-41","jetpack-related-posts":[],"jetpack_likes_enabled":true,"_links":{"self":[{"href":"https:\/\/cfepila.com\/index.php?rest_route=\/wp\/v2\/pages\/249","targetHints":{"allow":["GET"]}}],"collection":[{"href":"https:\/\/cfepila.com\/index.php?rest_route=\/wp\/v2\/pages"}],"about":[{"href":"https:\/\/cfepila.com\/index.php?rest_route=\/wp\/v2\/types\/page"}],"author":[{"embeddable":true,"href":"https:\/\/cfepila.com\/index.php?rest_route=\/wp\/v2\/users\/1"}],"replies":[{"embeddable":true,"href":"https:\/\/cfepila.com\/index.php?rest_route=%2Fwp%2Fv2%2Fcomments&post=249"}],"version-history":[{"count":37,"href":"https:\/\/cfepila.com\/index.php?rest_route=\/wp\/v2\/pages\/249\/revisions"}],"predecessor-version":[{"id":4537,"href":"https:\/\/cfepila.com\/index.php?rest_route=\/wp\/v2\/pages\/249\/revisions\/4537"}],"wp:attachment":[{"href":"https:\/\/cfepila.com\/index.php?rest_route=%2Fwp%2Fv2%2Fmedia&parent=249"}],"curies":[{"name":"wp","href":"https:\/\/api.w.org\/{rel}","templated":true}]}}